{"id":2717,"date":"2018-03-09T22:52:43","date_gmt":"2018-03-09T20:52:43","guid":{"rendered":"http:\/\/kttape.ee\/tooted\/kt-recovery-ice-heat-wrap\/"},"modified":"2023-06-23T13:59:04","modified_gmt":"2023-06-23T10:59:04","slug":"kt-recovery-ice-heat-wrap","status":"publish","type":"product","link":"https:\/\/kttape.ee\/ru\/product\/kt-recovery-ice-heat-wrap\/","title":{"rendered":"KT RECOVERY+\u00ae K\u00dcLMA \/ SOOJA M\u00c4HIS"},"content":{"rendered":"<h2>KT RECOVERY+\u00ae K\u00dcLMA \/ SOOJA M\u00c4HIS: KOMPRESSIOONTERAAPIA<\/h2>\n<p>KT RECOVERY+\u00ae k\u00fclma\/sooja m\u00e4hise teraapias\u00fcsteem pakub paremat viisi valutavate v\u00f5i vigastatud lihaste raviks k\u00fclma- ja soojusraviga. Pole vajadust ebamugavate j\u00e4\u00e4kottide v\u00f5i soojenduspakkide j\u00e4rele, mida peate paigal hoidma. Selle mitmek\u00fclgse m\u00e4hise pikkust saad ise reguleerida, kasutades sisseehitatud pikendust, et sobitada erinevaid sihitud kehaosi, ja side p\u00fcsib k\u00e4ed-vabad re\u017eiimis paigal, nii et saate vajadusel liikuda ja j\u00e4tkata toimetustega. Kaasasolevad taaskasutatavad j\u00e4\u00e4- ja soojenduspadjad s\u00e4ilitavad kauem oma temperatuuri sisseehitatud isoleeritud taskus. Komplekti kuulub ka transportkott mugavuseks.<\/p>\n<h3>KT RECOVERY+\u00ae K\u00dcLMA \/ SOOJA M\u00c4HIS: PEAMISED OMADUSED JA EELISED:<\/h3>\n<ul>\n<li>K\u00e4ed-vabad lahendus k\u00fclma\/sooja teraapiaks, mis v\u00f5imaldab mobiilsust ja liikuvust enne, ajal ja p\u00e4rast f\u00fc\u00fcsilist tegevust<\/li>\n<li>Kohandage sidet vastavalt vajadusele, et ravida sihitud kehaosa ning reguleerige sobivust kompressiooni lisamiseks<\/li>\n<li>Taaskasutatavad sooja ja k\u00fclma pakid (m\u00f5lemad kaasas) s\u00e4ilitavad kauem kuuma ja k\u00fclma isoleeritud taskus<\/li>\n<li>Parim viis lihaste tipptasemel soorituse saavutamiseks v\u00f5i taastumise kiirendamiseks p\u00e4rast n\u00f5udlikku treeningut v\u00f5i vigastust<\/li>\n<\/ul>\n<h3>KAKS ERINEVAT RAVI VALIKUT<\/h3>\n<ul>\n<li>KT Recovery+\u2122 Soojenduspadi &#8212; taaskasutatav mikrolaineahjus soojendatav padi, mis leevendab v\u00e4sinud lihaseid p\u00e4rast treeningut.<\/li>\n<li>KT Recovery+\u2122 J\u00e4\u00e4pakk &#8212; taaskasutatav k\u00fclmunud geelpakk, mis p\u00fcsib kauem k\u00fclm. Kasutage geelipakki nihestuste, t\u00f5mmete ja tursete jahutamiseks.<\/li>\n<\/ul>\n<h4>Iga karp sisaldab:<\/h4>\n<ul>\n<li>\u00dcks reguleeritav side isoleeritud taskuga<\/li>\n<li>\u00dcks taaskasutatav j\u00e4\u00e4pakk<\/li>\n<li>\u00dcks taaskasutatav soojenduspakk<\/li>\n<li>\u00dcks reisikott<\/li>\n<li>\u00dcks kiirstardi juhend samm-sammult juhistega<\/li>\n<\/ul>\n<p>&nbsp;<\/p>\n<div class=\"video-container\"><iframe loading=\"lazy\" title=\"KT TAPE Recovery+ ICEHEAT Wrap\" width=\"500\" height=\"281\" src=\"https:\/\/www.youtube.com\/embed\/DUMMnDFrKJ4?feature=oembed\" frameborder=\"0\" allow=\"accelerometer; autoplay; clipboard-write; encrypted-media; gyroscope; picture-in-picture; web-share\" referrerpolicy=\"strict-origin-when-cross-origin\" allowfullscreen><\/iframe><\/div>\n","protected":false},"excerpt":{"rendered":"<ul>\n<li>K\u00e4ed-vabad lahendus k\u00fclma\/sooja teraapiaks, mis v\u00f5imaldab liikuvust ning on v\u00f5imalik kaasa v\u00f5tta<\/li>\n<li>Spetsiaalselt formuleeritud &amp; taaskasutatavad kuuma- ja k\u00fclmaelemendid pikemaajaliste teraapiate jaoks<\/li>\n<li>Reguleeritav disain, et sobitada mitmesuguseid sihtkehaosi, lisades vajadusel survet<\/li>\n<\/ul>\n","protected":false},"featured_media":2694,"template":"","meta":{"_acf_changed":false},"product_brand":[],"product_cat":[149,254],"product_tag":[],"class_list":{"0":"post-2717","1":"product","2":"type-product","3":"status-publish","4":"has-post-thumbnail","6":"product_cat-drugiye-produkty","7":"product_cat-novyye-produkty","9":"first","10":"instock","11":"taxable","12":"shipping-taxable","13":"purchasable","14":"product-type-simple"},"acf":[],"yoast_head":"<!-- This site is optimized with the Yoast SEO Premium plugin v27.2 (Yoast SEO v27.4) - https:\/\/yoast.com\/product\/yoast-seo-premium-wordpress\/ -->\n<title>KT RECOVERY+\u00ae K\u00dcLMA \/ SOOJA M\u00c4HIS - KT Tape Baltics<\/title>\n<meta name=\"robots\" content=\"index, follow, max-snippet:-1, max-image-preview:large, max-video-preview:-1\" \/>\n<link rel=\"canonical\" href=\"https:\/\/kttape.ee\/ru\/product\/kt-recovery-ice-heat-wrap\/\" \/>\n<meta property=\"og:locale\" content=\"ru_RU\" \/>\n<meta property=\"og:type\" content=\"article\" \/>\n<meta property=\"og:title\" content=\"KT RECOVERY+\u00ae K\u00dcLMA \/ SOOJA M\u00c4HIS\" \/>\n<meta property=\"og:description\" content=\"K\u00e4ed-vabad lahendus k\u00fclma\/sooja teraapiaks, mis v\u00f5imaldab liikuvust ning on v\u00f5imalik kaasa v\u00f5tta  Spetsiaalselt formuleeritud &amp; taaskasutatavad kuuma- ja k\u00fclmaelemendid pikemaajaliste teraapiate jaoks  Reguleeritav disain, et sobitada mitmesuguseid sihtkehaosi, lisades vajadusel survet\" \/>\n<meta property=\"og:url\" content=\"https:\/\/kttape.ee\/ru\/product\/kt-recovery-ice-heat-wrap\/\" \/>\n<meta property=\"og:site_name\" content=\"KT Tape Baltics\" \/>\n<meta property=\"article:publisher\" content=\"https:\/\/www.facebook.com\/kttapeeesti\" \/>\n<meta property=\"article:modified_time\" content=\"2023-06-23T10:59:04+00:00\" \/>\n<meta property=\"og:image\" content=\"https:\/\/kttape.ee\/wp-content\/uploads\/2018\/03\/IceHeatPharmacy-with-Products.png\" \/>\n\t<meta property=\"og:image:width\" content=\"683\" \/>\n\t<meta property=\"og:image:height\" content=\"580\" \/>\n\t<meta property=\"og:image:type\" content=\"image\/png\" \/>\n<meta name=\"twitter:card\" content=\"summary_large_image\" \/>\n<meta name=\"twitter:label1\" content=\"\u0426\u0435\u043d\u0430\" \/>\n\t<meta name=\"twitter:data1\" content=\"45,00&nbsp;&euro;\" \/>\n\t<meta name=\"twitter:label2\" content=\"\u0414\u043e\u0441\u0442\u0443\u043f\u043d\u043e\u0441\u0442\u044c\" \/>\n\t<meta name=\"twitter:data2\" content=\"\u0412 \u043d\u0430\u043b\u0438\u0447\u0438\u0438\" \/>\n<script type=\"application\/ld+json\" class=\"yoast-schema-graph\">{\"@context\":\"https:\\\/\\\/schema.org\",\"@graph\":[{\"@type\":\"WebPage\",\"@id\":\"https:\\\/\\\/kttape.ee\\\/ru\\\/product\\\/kt-recovery-ice-heat-wrap\\\/\",\"url\":\"https:\\\/\\\/kttape.ee\\\/ru\\\/product\\\/kt-recovery-ice-heat-wrap\\\/\",\"name\":\"KT RECOVERY+\u00ae K\u00dcLMA \\\/ SOOJA M\u00c4HIS - KT Tape Baltics\",\"isPartOf\":{\"@id\":\"https:\\\/\\\/kttape.ee\\\/ru\\\/#website\"},\"primaryImageOfPage\":{\"@id\":\"https:\\\/\\\/kttape.ee\\\/ru\\\/product\\\/kt-recovery-ice-heat-wrap\\\/#primaryimage\"},\"image\":{\"@id\":\"https:\\\/\\\/kttape.ee\\\/ru\\\/product\\\/kt-recovery-ice-heat-wrap\\\/#primaryimage\"},\"thumbnailUrl\":\"https:\\\/\\\/kttape.ee\\\/wp-content\\\/uploads\\\/2018\\\/03\\\/IceHeatPharmacy-with-Products.png\",\"datePublished\":\"2018-03-09T20:52:43+00:00\",\"dateModified\":\"2023-06-23T10:59:04+00:00\",\"breadcrumb\":{\"@id\":\"https:\\\/\\\/kttape.ee\\\/ru\\\/product\\\/kt-recovery-ice-heat-wrap\\\/#breadcrumb\"},\"inLanguage\":\"ru-RU\",\"potentialAction\":[{\"@type\":\"ReadAction\",\"target\":[\"https:\\\/\\\/kttape.ee\\\/ru\\\/product\\\/kt-recovery-ice-heat-wrap\\\/\"]}]},{\"@type\":\"ImageObject\",\"inLanguage\":\"ru-RU\",\"@id\":\"https:\\\/\\\/kttape.ee\\\/ru\\\/product\\\/kt-recovery-ice-heat-wrap\\\/#primaryimage\",\"url\":\"https:\\\/\\\/kttape.ee\\\/wp-content\\\/uploads\\\/2018\\\/03\\\/IceHeatPharmacy-with-Products.png\",\"contentUrl\":\"https:\\\/\\\/kttape.ee\\\/wp-content\\\/uploads\\\/2018\\\/03\\\/IceHeatPharmacy-with-Products.png\",\"width\":683,\"height\":580,\"caption\":\"K\u00dcLMA \\\/ SOOJA M\u00c4HIS KT Tape kinesioteip\"},{\"@type\":\"BreadcrumbList\",\"@id\":\"https:\\\/\\\/kttape.ee\\\/ru\\\/product\\\/kt-recovery-ice-heat-wrap\\\/#breadcrumb\",\"itemListElement\":[{\"@type\":\"ListItem\",\"position\":1,\"name\":\"Home\",\"item\":\"https:\\\/\\\/kttape.ee\\\/ru\\\/\"},{\"@type\":\"ListItem\",\"position\":2,\"name\":\"\u041f\u0440\u043e\u0434\u0443\u043a\u0442\u044b\",\"item\":\"https:\\\/\\\/kttape.ee\\\/ru\\\/%d0%bf%d1%80%d0%be%d0%b4%d1%83%d0%ba%d1%82%d1%8b\\\/\"},{\"@type\":\"ListItem\",\"position\":3,\"name\":\"KT RECOVERY+\u00ae K\u00dcLMA \\\/ SOOJA M\u00c4HIS\"}]},{\"@type\":\"WebSite\",\"@id\":\"https:\\\/\\\/kttape.ee\\\/ru\\\/#website\",\"url\":\"https:\\\/\\\/kttape.ee\\\/ru\\\/\",\"name\":\"KT TAPE\",\"description\":\"T\u043e\u0432\u0430\u0440\u044b \u0434\u043b\u044f \u0437\u0434\u043e\u0440\u043e\u0432\u044c\u044f \u0438 \u0441\u043f\u043e\u0440\u0442\u0430\",\"publisher\":{\"@id\":\"https:\\\/\\\/kttape.ee\\\/ru\\\/#organization\"},\"alternateName\":\"kinesioteip, kinesioloogiline teip, kt teip\",\"potentialAction\":[{\"@type\":\"SearchAction\",\"target\":{\"@type\":\"EntryPoint\",\"urlTemplate\":\"https:\\\/\\\/kttape.ee\\\/ru\\\/?s={search_term_string}\"},\"query-input\":{\"@type\":\"PropertyValueSpecification\",\"valueRequired\":true,\"valueName\":\"search_term_string\"}}],\"inLanguage\":\"ru-RU\"},{\"@type\":\"Organization\",\"@id\":\"https:\\\/\\\/kttape.ee\\\/ru\\\/#organization\",\"name\":\"Monger Baltic O\u00dc\",\"alternateName\":\"KT TAPE\",\"url\":\"https:\\\/\\\/kttape.ee\\\/ru\\\/\",\"logo\":{\"@type\":\"ImageObject\",\"inLanguage\":\"ru-RU\",\"@id\":\"https:\\\/\\\/kttape.ee\\\/ru\\\/#\\\/schema\\\/logo\\\/image\\\/\",\"url\":\"http:\\\/\\\/kttape.ee\\\/wp-content\\\/uploads\\\/2018\\\/11\\\/logo-monger-white-1.png\",\"contentUrl\":\"http:\\\/\\\/kttape.ee\\\/wp-content\\\/uploads\\\/2018\\\/11\\\/logo-monger-white-1.png\",\"width\":826,\"height\":532,\"caption\":\"Monger Baltic O\u00dc\"},\"image\":{\"@id\":\"https:\\\/\\\/kttape.ee\\\/ru\\\/#\\\/schema\\\/logo\\\/image\\\/\"},\"sameAs\":[\"https:\\\/\\\/www.facebook.com\\\/kttapeeesti\",\"https:\\\/\\\/www.instagram.com\\\/kttape.eesti\\\/\"]}]}<\/script>\n<meta property=\"product:price:amount\" content=\"45.00\" \/>\n<meta property=\"product:price:currency\" content=\"EUR\" \/>\n<meta property=\"og:availability\" content=\"instock\" \/>\n<meta property=\"product:availability\" content=\"instock\" \/>\n<meta property=\"product:condition\" content=\"new\" \/>\n<!-- \/ Yoast SEO Premium plugin. -->","yoast_head_json":{"title":"KT RECOVERY+\u00ae K\u00dcLMA \/ SOOJA M\u00c4HIS - KT Tape Baltics","robots":{"index":"index","follow":"follow","max-snippet":"max-snippet:-1","max-image-preview":"max-image-preview:large","max-video-preview":"max-video-preview:-1"},"canonical":"https:\/\/kttape.ee\/ru\/product\/kt-recovery-ice-heat-wrap\/","og_locale":"ru_RU","og_type":"article","og_title":"KT RECOVERY+\u00ae K\u00dcLMA \/ SOOJA M\u00c4HIS","og_description":"K\u00e4ed-vabad lahendus k\u00fclma\/sooja teraapiaks, mis v\u00f5imaldab liikuvust ning on v\u00f5imalik kaasa v\u00f5tta  Spetsiaalselt formuleeritud &amp; taaskasutatavad kuuma- ja k\u00fclmaelemendid pikemaajaliste teraapiate jaoks  Reguleeritav disain, et sobitada mitmesuguseid sihtkehaosi, lisades vajadusel survet","og_url":"https:\/\/kttape.ee\/ru\/product\/kt-recovery-ice-heat-wrap\/","og_site_name":"KT Tape Baltics","article_publisher":"https:\/\/www.facebook.com\/kttapeeesti","article_modified_time":"2023-06-23T10:59:04+00:00","og_image":[{"width":683,"height":580,"url":"https:\/\/kttape.ee\/wp-content\/uploads\/2018\/03\/IceHeatPharmacy-with-Products.png","type":"image\/png"}],"twitter_card":"summary_large_image","twitter_misc":{"\u0426\u0435\u043d\u0430":"45,00&nbsp;&euro;","\u0414\u043e\u0441\u0442\u0443\u043f\u043d\u043e\u0441\u0442\u044c":"\u0412 \u043d\u0430\u043b\u0438\u0447\u0438\u0438"},"schema":{"@context":"https:\/\/schema.org","@graph":[{"@type":"WebPage","@id":"https:\/\/kttape.ee\/ru\/product\/kt-recovery-ice-heat-wrap\/","url":"https:\/\/kttape.ee\/ru\/product\/kt-recovery-ice-heat-wrap\/","name":"KT RECOVERY+\u00ae K\u00dcLMA \/ SOOJA M\u00c4HIS - KT Tape Baltics","isPartOf":{"@id":"https:\/\/kttape.ee\/ru\/#website"},"primaryImageOfPage":{"@id":"https:\/\/kttape.ee\/ru\/product\/kt-recovery-ice-heat-wrap\/#primaryimage"},"image":{"@id":"https:\/\/kttape.ee\/ru\/product\/kt-recovery-ice-heat-wrap\/#primaryimage"},"thumbnailUrl":"https:\/\/kttape.ee\/wp-content\/uploads\/2018\/03\/IceHeatPharmacy-with-Products.png","datePublished":"2018-03-09T20:52:43+00:00","dateModified":"2023-06-23T10:59:04+00:00","breadcrumb":{"@id":"https:\/\/kttape.ee\/ru\/product\/kt-recovery-ice-heat-wrap\/#breadcrumb"},"inLanguage":"ru-RU","potentialAction":[{"@type":"ReadAction","target":["https:\/\/kttape.ee\/ru\/product\/kt-recovery-ice-heat-wrap\/"]}]},{"@type":"ImageObject","inLanguage":"ru-RU","@id":"https:\/\/kttape.ee\/ru\/product\/kt-recovery-ice-heat-wrap\/#primaryimage","url":"https:\/\/kttape.ee\/wp-content\/uploads\/2018\/03\/IceHeatPharmacy-with-Products.png","contentUrl":"https:\/\/kttape.ee\/wp-content\/uploads\/2018\/03\/IceHeatPharmacy-with-Products.png","width":683,"height":580,"caption":"K\u00dcLMA \/ SOOJA M\u00c4HIS KT Tape kinesioteip"},{"@type":"BreadcrumbList","@id":"https:\/\/kttape.ee\/ru\/product\/kt-recovery-ice-heat-wrap\/#breadcrumb","itemListElement":[{"@type":"ListItem","position":1,"name":"Home","item":"https:\/\/kttape.ee\/ru\/"},{"@type":"ListItem","position":2,"name":"\u041f\u0440\u043e\u0434\u0443\u043a\u0442\u044b","item":"https:\/\/kttape.ee\/ru\/%d0%bf%d1%80%d0%be%d0%b4%d1%83%d0%ba%d1%82%d1%8b\/"},{"@type":"ListItem","position":3,"name":"KT RECOVERY+\u00ae K\u00dcLMA \/ SOOJA M\u00c4HIS"}]},{"@type":"WebSite","@id":"https:\/\/kttape.ee\/ru\/#website","url":"https:\/\/kttape.ee\/ru\/","name":"KT TAPE","description":"T\u043e\u0432\u0430\u0440\u044b \u0434\u043b\u044f \u0437\u0434\u043e\u0440\u043e\u0432\u044c\u044f \u0438 \u0441\u043f\u043e\u0440\u0442\u0430","publisher":{"@id":"https:\/\/kttape.ee\/ru\/#organization"},"alternateName":"kinesioteip, kinesioloogiline teip, kt teip","potentialAction":[{"@type":"SearchAction","target":{"@type":"EntryPoint","urlTemplate":"https:\/\/kttape.ee\/ru\/?s={search_term_string}"},"query-input":{"@type":"PropertyValueSpecification","valueRequired":true,"valueName":"search_term_string"}}],"inLanguage":"ru-RU"},{"@type":"Organization","@id":"https:\/\/kttape.ee\/ru\/#organization","name":"Monger Baltic O\u00dc","alternateName":"KT TAPE","url":"https:\/\/kttape.ee\/ru\/","logo":{"@type":"ImageObject","inLanguage":"ru-RU","@id":"https:\/\/kttape.ee\/ru\/#\/schema\/logo\/image\/","url":"http:\/\/kttape.ee\/wp-content\/uploads\/2018\/11\/logo-monger-white-1.png","contentUrl":"http:\/\/kttape.ee\/wp-content\/uploads\/2018\/11\/logo-monger-white-1.png","width":826,"height":532,"caption":"Monger Baltic O\u00dc"},"image":{"@id":"https:\/\/kttape.ee\/ru\/#\/schema\/logo\/image\/"},"sameAs":["https:\/\/www.facebook.com\/kttapeeesti","https:\/\/www.instagram.com\/kttape.eesti\/"]}]},"product_price_amount":"45.00","product_price_currency":"EUR","og_availability":"instock","product_availability":"instock","product_condition":"new"},"_links":{"self":[{"href":"https:\/\/kttape.ee\/ru\/wp-json\/wp\/v2\/product\/2717","targetHints":{"allow":["GET"]}}],"collection":[{"href":"https:\/\/kttape.ee\/ru\/wp-json\/wp\/v2\/product"}],"about":[{"href":"https:\/\/kttape.ee\/ru\/wp-json\/wp\/v2\/types\/product"}],"wp:featuredmedia":[{"embeddable":true,"href":"https:\/\/kttape.ee\/ru\/wp-json\/wp\/v2\/media\/2694"}],"wp:attachment":[{"href":"https:\/\/kttape.ee\/ru\/wp-json\/wp\/v2\/media?parent=2717"}],"wp:term":[{"taxonomy":"product_brand","embeddable":true,"href":"https:\/\/kttape.ee\/ru\/wp-json\/wp\/v2\/product_brand?post=2717"},{"taxonomy":"product_cat","embeddable":true,"href":"https:\/\/kttape.ee\/ru\/wp-json\/wp\/v2\/product_cat?post=2717"},{"taxonomy":"product_tag","embeddable":true,"href":"https:\/\/kttape.ee\/ru\/wp-json\/wp\/v2\/product_tag?post=2717"}],"curies":[{"name":"wp","href":"https:\/\/api.w.org\/{rel}","templated":true}]}}