{"id":6955,"date":"2024-01-03T12:38:38","date_gmt":"2024-01-03T10:38:38","guid":{"rendered":"https:\/\/kttape.ee\/product\/pro-lit-eelloigatud\/"},"modified":"2024-01-03T12:43:41","modified_gmt":"2024-01-03T10:43:41","slug":"pro-lit-eelloigatud","status":"publish","type":"product","link":"https:\/\/kttape.ee\/ru\/product\/pro-lit-eelloigatud\/","title":{"rendered":"PRO LIT EELL\u00d5IGATUD"},"content":{"rendered":"<ul>\n<li>KT TAPE Kinesioteip LIT v\u00e4rvides ja tr\u00fckiga<\/li>\n<li>Vastupidav 100% s\u00fcnteetiline kangas on v\u00e4ga hingav<\/li>\n<li>Paindlik tugi s\u00e4ilitab t\u00e4ieliku liikumisulatuse<\/li>\n<li>P\u00fcsib nahal higistamise ja niiskuse korral<\/li>\n<li>Kuni 7 p\u00e4eva jooksul mugav kanda<\/li>\n<\/ul>\n","protected":false},"excerpt":{"rendered":"<p>KT TAPE Kinesioteip LIT v\u00e4rvides ja tr\u00fckiga Vastupidav 100% s\u00fcnteetiline kangas on v\u00e4ga hingav Paindlik tugi s\u00e4ilitab t\u00e4ieliku liikumisulatuse P\u00fcsib&#8230;<\/p>\n","protected":false},"featured_media":6948,"template":"","meta":{"_acf_changed":false},"product_brand":[],"product_cat":[368,254],"product_tag":[],"class_list":{"0":"post-6955","1":"product","2":"type-product","3":"status-publish","4":"has-post-thumbnail","6":"product_cat-maaramata-ru","7":"product_cat-novyye-produkty","9":"first","10":"instock","11":"sale","12":"featured","13":"taxable","14":"shipping-taxable","15":"purchasable","16":"product-type-simple"},"acf":[],"yoast_head":"<!-- This site is optimized with the Yoast SEO Premium plugin v23.4 (Yoast SEO v27.3) - https:\/\/yoast.com\/product\/yoast-seo-premium-wordpress\/ -->\n<title>PRO LIT EELL\u00d5IGATUD - KT Tape Baltics<\/title>\n<meta name=\"robots\" content=\"index, follow, max-snippet:-1, max-image-preview:large, max-video-preview:-1\" \/>\n<link rel=\"canonical\" href=\"https:\/\/kttape.ee\/ru\/product\/pro-lit-eelloigatud\/\" \/>\n<meta property=\"og:locale\" content=\"ru_RU\" \/>\n<meta property=\"og:type\" content=\"article\" \/>\n<meta property=\"og:title\" content=\"PRO LIT EELL\u00d5IGATUD\" \/>\n<meta property=\"og:description\" content=\"KT TAPE Kinesioteip LIT v\u00e4rvides ja tr\u00fckiga Vastupidav 100% s\u00fcnteetiline kangas on v\u00e4ga hingav Paindlik tugi s\u00e4ilitab t\u00e4ieliku liikumisulatuse P\u00fcsib nahal\" \/>\n<meta property=\"og:url\" content=\"https:\/\/kttape.ee\/ru\/product\/pro-lit-eelloigatud\/\" \/>\n<meta property=\"og:site_name\" content=\"KT Tape Baltics\" \/>\n<meta property=\"article:publisher\" content=\"https:\/\/www.facebook.com\/kttapeeesti\" \/>\n<meta property=\"article:modified_time\" content=\"2024-01-03T10:43:41+00:00\" \/>\n<meta property=\"og:image\" content=\"https:\/\/kttape.ee\/wp-content\/uploads\/2024\/01\/KTTape-1000x1000-Kollane-LIT-kleeps-1.jpg\" \/>\n\t<meta property=\"og:image:width\" content=\"1000\" \/>\n\t<meta property=\"og:image:height\" content=\"1000\" \/>\n\t<meta property=\"og:image:type\" content=\"image\/jpeg\" \/>\n<meta name=\"twitter:card\" content=\"summary_large_image\" \/>\n<meta name=\"twitter:label1\" content=\"\u0426\u0435\u043d\u0430\" \/>\n\t<meta name=\"twitter:data1\" content=\"19,00&nbsp;&euro;\" \/>\n\t<meta name=\"twitter:label2\" content=\"\u0414\u043e\u0441\u0442\u0443\u043f\u043d\u043e\u0441\u0442\u044c\" \/>\n\t<meta name=\"twitter:data2\" content=\"\u0412 \u043d\u0430\u043b\u0438\u0447\u0438\u0438\" \/>\n<script type=\"application\/ld+json\" class=\"yoast-schema-graph\">{\"@context\":\"https:\\\/\\\/schema.org\",\"@graph\":[{\"@type\":\"WebPage\",\"@id\":\"https:\\\/\\\/kttape.ee\\\/ru\\\/product\\\/pro-lit-eelloigatud\\\/\",\"url\":\"https:\\\/\\\/kttape.ee\\\/ru\\\/product\\\/pro-lit-eelloigatud\\\/\",\"name\":\"PRO LIT EELL\u00d5IGATUD - KT Tape Baltics\",\"isPartOf\":{\"@id\":\"https:\\\/\\\/kttape.ee\\\/ru\\\/#website\"},\"primaryImageOfPage\":{\"@id\":\"https:\\\/\\\/kttape.ee\\\/ru\\\/product\\\/pro-lit-eelloigatud\\\/#primaryimage\"},\"image\":{\"@id\":\"https:\\\/\\\/kttape.ee\\\/ru\\\/product\\\/pro-lit-eelloigatud\\\/#primaryimage\"},\"thumbnailUrl\":\"https:\\\/\\\/kttape.ee\\\/wp-content\\\/uploads\\\/2024\\\/01\\\/KTTape-1000x1000-Kollane-LIT-kleeps-1-jpg.webp\",\"datePublished\":\"2024-01-03T10:38:38+00:00\",\"dateModified\":\"2024-01-03T10:43:41+00:00\",\"breadcrumb\":{\"@id\":\"https:\\\/\\\/kttape.ee\\\/ru\\\/product\\\/pro-lit-eelloigatud\\\/#breadcrumb\"},\"inLanguage\":\"ru-RU\",\"potentialAction\":[{\"@type\":\"ReadAction\",\"target\":[\"https:\\\/\\\/kttape.ee\\\/ru\\\/product\\\/pro-lit-eelloigatud\\\/\"]}]},{\"@type\":\"ImageObject\",\"inLanguage\":\"ru-RU\",\"@id\":\"https:\\\/\\\/kttape.ee\\\/ru\\\/product\\\/pro-lit-eelloigatud\\\/#primaryimage\",\"url\":\"https:\\\/\\\/kttape.ee\\\/wp-content\\\/uploads\\\/2024\\\/01\\\/KTTape-1000x1000-Kollane-LIT-kleeps-1-jpg.webp\",\"contentUrl\":\"https:\\\/\\\/kttape.ee\\\/wp-content\\\/uploads\\\/2024\\\/01\\\/KTTape-1000x1000-Kollane-LIT-kleeps-1-jpg.webp\",\"width\":1000,\"height\":1000},{\"@type\":\"BreadcrumbList\",\"@id\":\"https:\\\/\\\/kttape.ee\\\/ru\\\/product\\\/pro-lit-eelloigatud\\\/#breadcrumb\",\"itemListElement\":[{\"@type\":\"ListItem\",\"position\":1,\"name\":\"Home\",\"item\":\"https:\\\/\\\/kttape.ee\\\/ru\\\/\"},{\"@type\":\"ListItem\",\"position\":2,\"name\":\"\u041f\u0440\u043e\u0434\u0443\u043a\u0442\u044b\",\"item\":\"https:\\\/\\\/kttape.ee\\\/ru\\\/%d0%bf%d1%80%d0%be%d0%b4%d1%83%d0%ba%d1%82%d1%8b\\\/\"},{\"@type\":\"ListItem\",\"position\":3,\"name\":\"PRO LIT EELL\u00d5IGATUD\"}]},{\"@type\":\"WebSite\",\"@id\":\"https:\\\/\\\/kttape.ee\\\/ru\\\/#website\",\"url\":\"https:\\\/\\\/kttape.ee\\\/ru\\\/\",\"name\":\"KT TAPE\",\"description\":\"T\u043e\u0432\u0430\u0440\u044b \u0434\u043b\u044f \u0437\u0434\u043e\u0440\u043e\u0432\u044c\u044f \u0438 \u0441\u043f\u043e\u0440\u0442\u0430\",\"publisher\":{\"@id\":\"https:\\\/\\\/kttape.ee\\\/ru\\\/#organization\"},\"alternateName\":\"kinesioteip, kinesioloogiline teip, kt teip\",\"potentialAction\":[{\"@type\":\"SearchAction\",\"target\":{\"@type\":\"EntryPoint\",\"urlTemplate\":\"https:\\\/\\\/kttape.ee\\\/ru\\\/?s={search_term_string}\"},\"query-input\":{\"@type\":\"PropertyValueSpecification\",\"valueRequired\":true,\"valueName\":\"search_term_string\"}}],\"inLanguage\":\"ru-RU\"},{\"@type\":\"Organization\",\"@id\":\"https:\\\/\\\/kttape.ee\\\/ru\\\/#organization\",\"name\":\"Monger Baltic O\u00dc\",\"alternateName\":\"KT TAPE\",\"url\":\"https:\\\/\\\/kttape.ee\\\/ru\\\/\",\"logo\":{\"@type\":\"ImageObject\",\"inLanguage\":\"ru-RU\",\"@id\":\"https:\\\/\\\/kttape.ee\\\/ru\\\/#\\\/schema\\\/logo\\\/image\\\/\",\"url\":\"http:\\\/\\\/kttape.ee\\\/wp-content\\\/uploads\\\/2018\\\/11\\\/logo-monger-white-1.png\",\"contentUrl\":\"http:\\\/\\\/kttape.ee\\\/wp-content\\\/uploads\\\/2018\\\/11\\\/logo-monger-white-1.png\",\"width\":826,\"height\":532,\"caption\":\"Monger Baltic O\u00dc\"},\"image\":{\"@id\":\"https:\\\/\\\/kttape.ee\\\/ru\\\/#\\\/schema\\\/logo\\\/image\\\/\"},\"sameAs\":[\"https:\\\/\\\/www.facebook.com\\\/kttapeeesti\",\"https:\\\/\\\/www.instagram.com\\\/kttape.eesti\\\/\"]}]}<\/script>\n<meta property=\"product:price:amount\" content=\"19.00\" \/>\n<meta property=\"product:price:currency\" content=\"EUR\" \/>\n<meta property=\"og:availability\" content=\"instock\" \/>\n<meta property=\"product:availability\" content=\"instock\" \/>\n<meta property=\"product:condition\" content=\"new\" \/>\n<!-- \/ Yoast SEO Premium plugin. -->","yoast_head_json":{"title":"PRO LIT EELL\u00d5IGATUD - KT Tape Baltics","robots":{"index":"index","follow":"follow","max-snippet":"max-snippet:-1","max-image-preview":"max-image-preview:large","max-video-preview":"max-video-preview:-1"},"canonical":"https:\/\/kttape.ee\/ru\/product\/pro-lit-eelloigatud\/","og_locale":"ru_RU","og_type":"article","og_title":"PRO LIT EELL\u00d5IGATUD","og_description":"KT TAPE Kinesioteip LIT v\u00e4rvides ja tr\u00fckiga Vastupidav 100% s\u00fcnteetiline kangas on v\u00e4ga hingav Paindlik tugi s\u00e4ilitab t\u00e4ieliku liikumisulatuse P\u00fcsib nahal","og_url":"https:\/\/kttape.ee\/ru\/product\/pro-lit-eelloigatud\/","og_site_name":"KT Tape Baltics","article_publisher":"https:\/\/www.facebook.com\/kttapeeesti","article_modified_time":"2024-01-03T10:43:41+00:00","og_image":[{"width":1000,"height":1000,"url":"https:\/\/kttape.ee\/wp-content\/uploads\/2024\/01\/KTTape-1000x1000-Kollane-LIT-kleeps-1.jpg","type":"image\/jpeg"}],"twitter_card":"summary_large_image","twitter_misc":{"\u0426\u0435\u043d\u0430":"19,00&nbsp;&euro;","\u0414\u043e\u0441\u0442\u0443\u043f\u043d\u043e\u0441\u0442\u044c":"\u0412 \u043d\u0430\u043b\u0438\u0447\u0438\u0438"},"schema":{"@context":"https:\/\/schema.org","@graph":[{"@type":"WebPage","@id":"https:\/\/kttape.ee\/ru\/product\/pro-lit-eelloigatud\/","url":"https:\/\/kttape.ee\/ru\/product\/pro-lit-eelloigatud\/","name":"PRO LIT EELL\u00d5IGATUD - KT Tape Baltics","isPartOf":{"@id":"https:\/\/kttape.ee\/ru\/#website"},"primaryImageOfPage":{"@id":"https:\/\/kttape.ee\/ru\/product\/pro-lit-eelloigatud\/#primaryimage"},"image":{"@id":"https:\/\/kttape.ee\/ru\/product\/pro-lit-eelloigatud\/#primaryimage"},"thumbnailUrl":"https:\/\/kttape.ee\/wp-content\/uploads\/2024\/01\/KTTape-1000x1000-Kollane-LIT-kleeps-1-jpg.webp","datePublished":"2024-01-03T10:38:38+00:00","dateModified":"2024-01-03T10:43:41+00:00","breadcrumb":{"@id":"https:\/\/kttape.ee\/ru\/product\/pro-lit-eelloigatud\/#breadcrumb"},"inLanguage":"ru-RU","potentialAction":[{"@type":"ReadAction","target":["https:\/\/kttape.ee\/ru\/product\/pro-lit-eelloigatud\/"]}]},{"@type":"ImageObject","inLanguage":"ru-RU","@id":"https:\/\/kttape.ee\/ru\/product\/pro-lit-eelloigatud\/#primaryimage","url":"https:\/\/kttape.ee\/wp-content\/uploads\/2024\/01\/KTTape-1000x1000-Kollane-LIT-kleeps-1-jpg.webp","contentUrl":"https:\/\/kttape.ee\/wp-content\/uploads\/2024\/01\/KTTape-1000x1000-Kollane-LIT-kleeps-1-jpg.webp","width":1000,"height":1000},{"@type":"BreadcrumbList","@id":"https:\/\/kttape.ee\/ru\/product\/pro-lit-eelloigatud\/#breadcrumb","itemListElement":[{"@type":"ListItem","position":1,"name":"Home","item":"https:\/\/kttape.ee\/ru\/"},{"@type":"ListItem","position":2,"name":"\u041f\u0440\u043e\u0434\u0443\u043a\u0442\u044b","item":"https:\/\/kttape.ee\/ru\/%d0%bf%d1%80%d0%be%d0%b4%d1%83%d0%ba%d1%82%d1%8b\/"},{"@type":"ListItem","position":3,"name":"PRO LIT EELL\u00d5IGATUD"}]},{"@type":"WebSite","@id":"https:\/\/kttape.ee\/ru\/#website","url":"https:\/\/kttape.ee\/ru\/","name":"KT TAPE","description":"T\u043e\u0432\u0430\u0440\u044b \u0434\u043b\u044f \u0437\u0434\u043e\u0440\u043e\u0432\u044c\u044f \u0438 \u0441\u043f\u043e\u0440\u0442\u0430","publisher":{"@id":"https:\/\/kttape.ee\/ru\/#organization"},"alternateName":"kinesioteip, kinesioloogiline teip, kt teip","potentialAction":[{"@type":"SearchAction","target":{"@type":"EntryPoint","urlTemplate":"https:\/\/kttape.ee\/ru\/?s={search_term_string}"},"query-input":{"@type":"PropertyValueSpecification","valueRequired":true,"valueName":"search_term_string"}}],"inLanguage":"ru-RU"},{"@type":"Organization","@id":"https:\/\/kttape.ee\/ru\/#organization","name":"Monger Baltic O\u00dc","alternateName":"KT TAPE","url":"https:\/\/kttape.ee\/ru\/","logo":{"@type":"ImageObject","inLanguage":"ru-RU","@id":"https:\/\/kttape.ee\/ru\/#\/schema\/logo\/image\/","url":"http:\/\/kttape.ee\/wp-content\/uploads\/2018\/11\/logo-monger-white-1.png","contentUrl":"http:\/\/kttape.ee\/wp-content\/uploads\/2018\/11\/logo-monger-white-1.png","width":826,"height":532,"caption":"Monger Baltic O\u00dc"},"image":{"@id":"https:\/\/kttape.ee\/ru\/#\/schema\/logo\/image\/"},"sameAs":["https:\/\/www.facebook.com\/kttapeeesti","https:\/\/www.instagram.com\/kttape.eesti\/"]}]},"product_price_amount":"19.00","product_price_currency":"EUR","og_availability":"instock","product_availability":"instock","product_condition":"new"},"_links":{"self":[{"href":"https:\/\/kttape.ee\/ru\/wp-json\/wp\/v2\/product\/6955","targetHints":{"allow":["GET"]}}],"collection":[{"href":"https:\/\/kttape.ee\/ru\/wp-json\/wp\/v2\/product"}],"about":[{"href":"https:\/\/kttape.ee\/ru\/wp-json\/wp\/v2\/types\/product"}],"wp:featuredmedia":[{"embeddable":true,"href":"https:\/\/kttape.ee\/ru\/wp-json\/wp\/v2\/media\/6948"}],"wp:attachment":[{"href":"https:\/\/kttape.ee\/ru\/wp-json\/wp\/v2\/media?parent=6955"}],"wp:term":[{"taxonomy":"product_brand","embeddable":true,"href":"https:\/\/kttape.ee\/ru\/wp-json\/wp\/v2\/product_brand?post=6955"},{"taxonomy":"product_cat","embeddable":true,"href":"https:\/\/kttape.ee\/ru\/wp-json\/wp\/v2\/product_cat?post=6955"},{"taxonomy":"product_tag","embeddable":true,"href":"https:\/\/kttape.ee\/ru\/wp-json\/wp\/v2\/product_tag?post=6955"}],"curies":[{"name":"wp","href":"https:\/\/api.w.org\/{rel}","templated":true}]}}